{"id":67,"date":"2020-09-24T01:57:25","date_gmt":"2020-09-24T01:57:25","guid":{"rendered":"https:\/\/thediceproject.ie\/?page_id=67"},"modified":"2022-12-05T20:15:04","modified_gmt":"2022-12-05T20:15:04","slug":"what-we-do","status":"publish","type":"page","link":"https:\/\/thediceproject.ie\/ga\/what-we-do\/","title":{"rendered":"An Obair a Dh\u00e9anaimid"},"content":{"rendered":"<div data-elementor-type=\"wp-page\" data-elementor-id=\"67\" class=\"elementor elementor-67\" data-elementor-post-type=\"page\">\n\t\t\t\t\t\t<section class=\"elementor-section elementor-top-section elementor-element elementor-element-438fdc9a elementor-section-full_width elementor-section-content-middle elementor-section-height-default elementor-section-height-default\" data-id=\"438fdc9a\" data-element_type=\"section\" data-settings=\"{&quot;shape_divider_top&quot;:&quot;triangle&quot;,&quot;shape_divider_bottom&quot;:&quot;triangle&quot;,&quot;shape_divider_bottom_negative&quot;:&quot;yes&quot;}\">\n\t\t\t\t\t<div class=\"elementor-shape elementor-shape-top\" aria-hidden=\"true\" data-negative=\"false\">\n\t\t\t<svg xmlns=\"http:\/\/www.w3.org\/2000\/svg\" viewbox=\"0 0 1000 100\" preserveaspectratio=\"none\">\n\t<path class=\"elementor-shape-fill\" d=\"M500,98.9L0,6.1V0h1000v6.1L500,98.9z\"\/>\n<\/svg>\t\t<\/div>\n\t\t\t\t<div class=\"elementor-shape elementor-shape-bottom\" aria-hidden=\"true\" data-negative=\"true\">\n\t\t\t<svg xmlns=\"http:\/\/www.w3.org\/2000\/svg\" viewbox=\"0 0 1000 100\" preserveaspectratio=\"none\">\n\t<path class=\"elementor-shape-fill\" d=\"M500.2,94.7L0,0v100h1000V0L500.2,94.7z\"\/>\n<\/svg>\t\t<\/div>\n\t\t\t\t\t<div class=\"elementor-container elementor-column-gap-default\">\n\t\t\t\t\t<div class=\"elementor-column elementor-col-50 elementor-top-column elementor-element elementor-element-7c83a93e\" data-id=\"7c83a93e\" data-element_type=\"column\" data-settings=\"{&quot;background_background&quot;:&quot;classic&quot;}\">\n\t\t\t<div class=\"elementor-widget-wrap elementor-element-populated\">\n\t\t\t\t\t\t<section class=\"elementor-section elementor-inner-section elementor-element elementor-element-4e2e7f30 elementor-section-height-min-height elementor-section-boxed elementor-section-height-default\" data-id=\"4e2e7f30\" data-element_type=\"section\">\n\t\t\t\t\t\t<div class=\"elementor-container elementor-column-gap-default\">\n\t\t\t\t\t<div class=\"elementor-column elementor-col-100 elementor-inner-column elementor-element elementor-element-792768ff\" data-id=\"792768ff\" data-element_type=\"column\">\n\t\t\t<div class=\"elementor-widget-wrap elementor-element-populated\">\n\t\t\t\t\t\t<div class=\"elementor-element elementor-element-6e26b1ad elementor-widget elementor-widget-heading\" data-id=\"6e26b1ad\" data-element_type=\"widget\" data-widget_type=\"heading.default\">\n\t\t\t\t<div class=\"elementor-widget-container\">\n\t\t\t\t\t<h2 class=\"elementor-heading-title elementor-size-default\">An Obair a Dh\u00e9anaimid<\/h2>\t\t\t\t<\/div>\n\t\t\t\t<\/div>\n\t\t\t\t\t<\/div>\n\t\t<\/div>\n\t\t\t\t\t<\/div>\n\t\t<\/section>\n\t\t\t\t\t<\/div>\n\t\t<\/div>\n\t\t\t\t<div class=\"elementor-column elementor-col-50 elementor-top-column elementor-element elementor-element-3ac93a31\" data-id=\"3ac93a31\" data-element_type=\"column\" data-settings=\"{&quot;background_background&quot;:&quot;classic&quot;}\">\n\t\t\t<div class=\"elementor-widget-wrap elementor-element-populated\">\n\t\t\t\t\t\t<section class=\"elementor-section elementor-inner-section elementor-element elementor-element-98a10de elementor-section-content-middle elementor-section-boxed elementor-section-height-default elementor-section-height-default\" data-id=\"98a10de\" data-element_type=\"section\">\n\t\t\t\t\t\t<div class=\"elementor-container elementor-column-gap-default\">\n\t\t\t\t\t<div class=\"elementor-column elementor-col-100 elementor-inner-column elementor-element elementor-element-18ce22a5\" data-id=\"18ce22a5\" data-element_type=\"column\">\n\t\t\t<div class=\"elementor-widget-wrap elementor-element-populated\">\n\t\t\t\t\t\t<div class=\"elementor-element elementor-element-207e4113 elementor-widget elementor-widget-image\" data-id=\"207e4113\" data-element_type=\"widget\" data-widget_type=\"image.default\">\n\t\t\t\t<div class=\"elementor-widget-container\">\n\t\t\t\t\t\t\t\t\t\t\t\t\t\t\t<img fetchpriority=\"high\" decoding=\"async\" width=\"697\" height=\"465\" src=\"https:\/\/thediceproject.ie\/wp-content\/uploads\/2021\/02\/business-team-handle-a-piece-of-white-puzzles-that-are-about-to-drop-to-get-a-complete-worksheet-an-attempt-to-succeed.png\" class=\"attachment-large size-large wp-image-676\" alt=\"\" srcset=\"https:\/\/thediceproject.ie\/wp-content\/uploads\/2021\/02\/business-team-handle-a-piece-of-white-puzzles-that-are-about-to-drop-to-get-a-complete-worksheet-an-attempt-to-succeed.png 697w, https:\/\/thediceproject.ie\/wp-content\/uploads\/2021\/02\/business-team-handle-a-piece-of-white-puzzles-that-are-about-to-drop-to-get-a-complete-worksheet-an-attempt-to-succeed-300x200.png 300w\" sizes=\"(max-width: 697px) 100vw, 697px\" \/>\t\t\t\t\t\t\t\t\t\t\t\t\t\t\t<\/div>\n\t\t\t\t<\/div>\n\t\t\t\t\t<\/div>\n\t\t<\/div>\n\t\t\t\t\t<\/div>\n\t\t<\/section>\n\t\t\t\t\t<\/div>\n\t\t<\/div>\n\t\t\t\t\t<\/div>\n\t\t<\/section>\n\t\t\t\t<section class=\"elementor-section elementor-top-section elementor-element elementor-element-db5b4e6 elementor-section-boxed elementor-section-height-default elementor-section-height-default\" data-id=\"db5b4e6\" data-element_type=\"section\" data-settings=\"{&quot;background_background&quot;:&quot;classic&quot;}\">\n\t\t\t\t\t\t<div class=\"elementor-container elementor-column-gap-default\">\n\t\t\t\t\t<div class=\"elementor-column elementor-col-100 elementor-top-column elementor-element elementor-element-abfb372\" data-id=\"abfb372\" data-element_type=\"column\">\n\t\t\t<div class=\"elementor-widget-wrap elementor-element-populated\">\n\t\t\t\t\t\t<div class=\"elementor-element elementor-element-94428fc elementor-widget elementor-widget-heading\" data-id=\"94428fc\" data-element_type=\"widget\" data-widget_type=\"heading.default\">\n\t\t\t\t<div class=\"elementor-widget-container\">\n\t\t\t\t\t<h2 class=\"elementor-heading-title elementor-size-default\">An Obair a Dh\u00e9anaimid<\/h2>\t\t\t\t<\/div>\n\t\t\t\t<\/div>\n\t\t\t\t<div class=\"elementor-element elementor-element-c6c13ff elementor-widget elementor-widget-text-editor\" data-id=\"c6c13ff\" data-element_type=\"widget\" data-widget_type=\"text-editor.default\">\n\t\t\t\t<div class=\"elementor-widget-container\">\n\t\t\t\t\t\t\t\t\t<p><span style=\"font-weight: 3 00;\">Is iad na haidhmeanna at\u00e1 le DICE:<br \/><\/span><\/p><ul><li style=\"font-weight: 300;\" aria-level=\"1\"><span style=\"font-weight: 300;\">Cumas agus saineolas na mball foirne a fhorbairt agus a leathn\u00fa sna ceithre institi\u00faid comhph\u00e1irt\u00edochta\u00a0<\/span><\/li><li style=\"font-weight: 300;\" aria-level=\"1\"><span style=\"font-weight: 300;\">an t-oideachas forbartha agus idirchult\u00fartha a leab\u00fa mar ghn\u00e9ithe bunriachtanacha den oili\u00faint tosaigh m\u00fainteoir\u00ed ar leibh\u00e9al na mbunscoileanna in \u00c9irinn<\/span><\/li><li style=\"font-weight: 300;\" aria-level=\"1\"><span style=\"font-weight: 300;\">Cur leis an acmhainneacht at\u00e1 ag l\u00e9acht\u00f3ir\u00ed agus m\u00fainteoir\u00ed faoi oili\u00faint ionas go mbeidh tuiscint ag na m\u00fainteoir\u00ed nua-ch\u00e1ilithe ar an oideachas forbartha agus idirchult\u00fartha, go mbeidh meon d\u00edograiseach acu ina leith, agus go mbeidh na scileanna agus luachanna teagaisc acu chun na h\u00e1bhair sin a mh\u00faineadh ar bhealach \u00e9ifeachtach\u00a0<\/span><\/li><li style=\"font-weight: 300;\" aria-level=\"1\"><span style=\"font-weight: 300;\">Leis an obair a dh\u00e9anann DICE, cuirtear an t-eolas, na scileanna, na luachanna, na smaointe agus na hinni\u00falachta\u00ed ar f\u00e1il do mh\u00fainteoir\u00ed faoi oili\u00faint a bheidh ag teast\u00e1il uathu ionas go mbeidh siad in ann an aidhm fhorioml\u00e1n at\u00e1 againn a bhaint amach, is \u00e9 sin an t-oideachas forbartha agus idirchult\u00fartha a chomhth\u00e1th\u00fa ar fud an churaclaim bunscoile.<br \/><br \/><\/span><\/li><\/ul><p>Baintear amach an m\u00e9id sin tr\u00ed na ceithre Shn\u00e1ithe Oibre at\u00e1 in\u00e1r bPlean Strait\u00e9iseach:<\/p>\t\t\t\t\t\t\t\t<\/div>\n\t\t\t\t<\/div>\n\t\t\t\t<section class=\"elementor-section elementor-inner-section elementor-element elementor-element-5f80dea elementor-section-boxed elementor-section-height-default elementor-section-height-default\" data-id=\"5f80dea\" data-element_type=\"section\">\n\t\t\t\t\t\t<div class=\"elementor-container elementor-column-gap-default\">\n\t\t\t\t\t<div class=\"elementor-column elementor-col-50 elementor-inner-column elementor-element elementor-element-d46a5ac\" data-id=\"d46a5ac\" data-element_type=\"column\">\n\t\t\t<div class=\"elementor-widget-wrap elementor-element-populated\">\n\t\t\t\t\t\t<div class=\"elementor-element elementor-element-5b95d28 elementor-widget elementor-widget-text-editor\" data-id=\"5b95d28\" data-element_type=\"widget\" data-widget_type=\"text-editor.default\">\n\t\t\t\t<div class=\"elementor-widget-container\">\n\t\t\t\t\t\t\t\t\t<ul style=\"font-size: 18px; background-color: #ffffff; color: #000000;\"><li style=\"font-size: 18px;\" aria-level=\"1\"><strong>Sn\u00e1ithe 1 \u2013 Oili\u00faint M\u00fainteoir\u00ed<\/strong><br \/><ul style=\"font-size: 18px;\"><li style=\"font-size: 18px;\" aria-level=\"2\">Mod\u00fail i ngach institi\u00faid \u2013 cro\u00ed-mhod\u00fail agus sainmhod\u00fail<\/li><li style=\"font-size: 18px;\" aria-level=\"2\">Forbairt Ghairmi\u00fail Lean\u00fanach<\/li><li style=\"font-size: 18px;\" aria-level=\"2\">Imeachta\u00ed Pobail Cleachtais agus imeachta\u00ed do Mh\u00fainteoir\u00ed faoi Oili\u00faint<\/li><li style=\"font-size: 18px;\" aria-level=\"2\">Rannph\u00e1irt\u00edocht le Daoine agus Eagra\u00edochta\u00ed \u00c9ags\u00fala<\/li><\/ul><\/li><\/ul>\t\t\t\t\t\t\t\t<\/div>\n\t\t\t\t<\/div>\n\t\t\t\t\t<\/div>\n\t\t<\/div>\n\t\t\t\t<div class=\"elementor-column elementor-col-50 elementor-inner-column elementor-element elementor-element-cdfa308\" data-id=\"cdfa308\" data-element_type=\"column\">\n\t\t\t<div class=\"elementor-widget-wrap elementor-element-populated\">\n\t\t\t\t\t\t<div class=\"elementor-element elementor-element-85c55c2 elementor-widget elementor-widget-text-editor\" data-id=\"85c55c2\" data-element_type=\"widget\" data-widget_type=\"text-editor.default\">\n\t\t\t\t<div class=\"elementor-widget-container\">\n\t\t\t\t\t\t\t\t\t<ul style=\"font-size: 18px; background-color: #ffffff; color: #000000;\">\n<li style=\"font-size: 18px;\" aria-level=\"1\"><strong>Sn\u00e1ithe 3 \u2013 Sp\u00e1sanna inar f\u00e9idir Comhoibri\u00fa<\/strong><br><ul style=\"font-size: 18px;\">\n<li style=\"font-size: 18px;\" aria-level=\"2\">Pobal Cleachtais agus naisc le p\u00e1irtithe leasmhara eile&nbsp;<\/li>\n<li style=\"font-size: 18px;\" aria-level=\"2\">DICE Conference\n<\/li>\n<\/ul>\n<\/li>\n<\/ul>\t\t\t\t\t\t\t\t<\/div>\n\t\t\t\t<\/div>\n\t\t\t\t\t<\/div>\n\t\t<\/div>\n\t\t\t\t\t<\/div>\n\t\t<\/section>\n\t\t\t\t<section class=\"elementor-section elementor-inner-section elementor-element elementor-element-ecf3e8e elementor-section-boxed elementor-section-height-default elementor-section-height-default\" data-id=\"ecf3e8e\" data-element_type=\"section\">\n\t\t\t\t\t\t<div class=\"elementor-container elementor-column-gap-default\">\n\t\t\t\t\t<div class=\"elementor-column elementor-col-50 elementor-inner-column elementor-element elementor-element-2b12af7\" data-id=\"2b12af7\" data-element_type=\"column\">\n\t\t\t<div class=\"elementor-widget-wrap elementor-element-populated\">\n\t\t\t\t\t\t<div class=\"elementor-element elementor-element-0117608 elementor-widget elementor-widget-text-editor\" data-id=\"0117608\" data-element_type=\"widget\" data-widget_type=\"text-editor.default\">\n\t\t\t\t<div class=\"elementor-widget-container\">\n\t\t\t\t\t\t\t\t\t<ul style=\"font-size: 18px; background-color: #ffffff; color: #000000;\"><li style=\"font-size: 18px;\" aria-level=\"1\"><strong>Sn\u00e1ithe 2 \u2013 Meas\u00fanacht agus Taighde<\/strong><br \/><ul style=\"font-size: 18px;\"><li style=\"font-size: 18px;\" aria-level=\"2\">Freastal ar chomhdh\u00e1lacha agus cuir i l\u00e1thair a dh\u00e9anamh<\/li><li style=\"font-size: 18px;\" aria-level=\"2\">C\u00e1s-staid\u00e9ir agus forbairt taighde<\/li><li style=\"font-size: 18px;\" aria-level=\"2\">Monat\u00f3ireacht agus meast\u00f3ireacht ar DICE<\/li><\/ul><\/li><\/ul>\t\t\t\t\t\t\t\t<\/div>\n\t\t\t\t<\/div>\n\t\t\t\t\t<\/div>\n\t\t<\/div>\n\t\t\t\t<div class=\"elementor-column elementor-col-50 elementor-inner-column elementor-element elementor-element-20db589\" data-id=\"20db589\" data-element_type=\"column\">\n\t\t\t<div class=\"elementor-widget-wrap elementor-element-populated\">\n\t\t\t\t\t\t<div class=\"elementor-element elementor-element-f189a29 elementor-widget elementor-widget-text-editor\" data-id=\"f189a29\" data-element_type=\"widget\" data-widget_type=\"text-editor.default\">\n\t\t\t\t<div class=\"elementor-widget-container\">\n\t\t\t\t\t\t\t\t\t<ul style=\"font-size: 18px; background-color: #ffffff; color: #000000;\"><li style=\"font-size: 18px;\" aria-level=\"1\"><strong>Sn\u00e1ithe 4 \u2013 Rannph\u00e1irt\u00edocht le Scoileanna agus P\u00e1ist\u00ed<\/strong><br \/><ul style=\"font-size: 18px;\"><li style=\"font-size: 18px;\" aria-level=\"2\">Socr\u00fach\u00e1in scoile<\/li><li style=\"font-size: 18px;\" aria-level=\"2\">Acmhainn\u00ed do ph\u00e1ist\u00ed\u00a0<\/li><li style=\"font-size: 18px;\" aria-level=\"2\">Acmhainn mhachnaimh le haghaidh socr\u00fach\u00e1in scoile\u00a0<\/li><li style=\"font-size: 18px;\" aria-level=\"2\">Acmhainn\u00ed DE\/ICE a aistri\u00fa go Gaeilge\u00a0<\/li><\/ul><\/li><\/ul>\t\t\t\t\t\t\t\t<\/div>\n\t\t\t\t<\/div>\n\t\t\t\t\t<\/div>\n\t\t<\/div>\n\t\t\t\t\t<\/div>\n\t\t<\/section>\n\t\t\t\t\t<\/div>\n\t\t<\/div>\n\t\t\t\t\t<\/div>\n\t\t<\/section>\n\t\t\t\t<\/div>","protected":false},"excerpt":{"rendered":"<p>What We Do What We Do The Aims of DICE are: To develop and extend staff capacity and expertise in the four partner institutions\u00a0 To embed the development education and intercultural education as essential elements of initial teacher education at primary level in Ireland To build the capacity of lecturers and student teachers so that [&hellip;]<\/p>","protected":false},"author":2,"featured_media":0,"parent":0,"menu_order":0,"comment_status":"closed","ping_status":"closed","template":"","meta":{"inline_featured_image":false,"footnotes":""},"class_list":["post-67","page","type-page","status-publish","hentry"],"_links":{"self":[{"href":"https:\/\/thediceproject.ie\/ga\/wp-json\/wp\/v2\/pages\/67","targetHints":{"allow":["GET"]}}],"collection":[{"href":"https:\/\/thediceproject.ie\/ga\/wp-json\/wp\/v2\/pages"}],"about":[{"href":"https:\/\/thediceproject.ie\/ga\/wp-json\/wp\/v2\/types\/page"}],"author":[{"embeddable":true,"href":"https:\/\/thediceproject.ie\/ga\/wp-json\/wp\/v2\/users\/2"}],"replies":[{"embeddable":true,"href":"https:\/\/thediceproject.ie\/ga\/wp-json\/wp\/v2\/comments?post=67"}],"version-history":[{"count":56,"href":"https:\/\/thediceproject.ie\/ga\/wp-json\/wp\/v2\/pages\/67\/revisions"}],"predecessor-version":[{"id":1607,"href":"https:\/\/thediceproject.ie\/ga\/wp-json\/wp\/v2\/pages\/67\/revisions\/1607"}],"wp:attachment":[{"href":"https:\/\/thediceproject.ie\/ga\/wp-json\/wp\/v2\/media?parent=67"}],"curies":[{"name":"wp","href":"https:\/\/api.w.org\/{rel}","templated":true}]}}