{"id":64,"date":"2020-09-24T01:56:45","date_gmt":"2020-09-24T01:56:45","guid":{"rendered":"https:\/\/thediceproject.ie\/?page_id=64"},"modified":"2021-02-25T21:53:55","modified_gmt":"2021-02-25T21:53:55","slug":"about-us","status":"publish","type":"page","link":"https:\/\/thediceproject.ie\/ga\/about-us\/","title":{"rendered":"Maidir le DICE"},"content":{"rendered":"<div data-elementor-type=\"wp-page\" data-elementor-id=\"64\" class=\"elementor elementor-64\" data-elementor-post-type=\"page\">\n\t\t\t\t\t\t<section class=\"elementor-section elementor-top-section elementor-element elementor-element-27003407 elementor-section-full_width elementor-section-content-middle elementor-section-height-default elementor-section-height-default\" data-id=\"27003407\" data-element_type=\"section\" data-settings=\"{&quot;shape_divider_top&quot;:&quot;triangle&quot;,&quot;shape_divider_bottom&quot;:&quot;triangle&quot;,&quot;shape_divider_bottom_negative&quot;:&quot;yes&quot;}\">\n\t\t\t\t\t<div class=\"elementor-shape elementor-shape-top\" aria-hidden=\"true\" data-negative=\"false\">\n\t\t\t<svg xmlns=\"http:\/\/www.w3.org\/2000\/svg\" viewbox=\"0 0 1000 100\" preserveaspectratio=\"none\">\n\t<path class=\"elementor-shape-fill\" d=\"M500,98.9L0,6.1V0h1000v6.1L500,98.9z\"\/>\n<\/svg>\t\t<\/div>\n\t\t\t\t<div class=\"elementor-shape elementor-shape-bottom\" aria-hidden=\"true\" data-negative=\"true\">\n\t\t\t<svg xmlns=\"http:\/\/www.w3.org\/2000\/svg\" viewbox=\"0 0 1000 100\" preserveaspectratio=\"none\">\n\t<path class=\"elementor-shape-fill\" d=\"M500.2,94.7L0,0v100h1000V0L500.2,94.7z\"\/>\n<\/svg>\t\t<\/div>\n\t\t\t\t\t<div class=\"elementor-container elementor-column-gap-default\">\n\t\t\t\t\t<div class=\"elementor-column elementor-col-50 elementor-top-column elementor-element elementor-element-4292afc6\" data-id=\"4292afc6\" data-element_type=\"column\" data-settings=\"{&quot;background_background&quot;:&quot;classic&quot;}\">\n\t\t\t<div class=\"elementor-widget-wrap elementor-element-populated\">\n\t\t\t\t\t\t<section class=\"elementor-section elementor-inner-section elementor-element elementor-element-7e327c38 elementor-section-height-min-height elementor-section-boxed elementor-section-height-default\" data-id=\"7e327c38\" data-element_type=\"section\">\n\t\t\t\t\t\t<div class=\"elementor-container elementor-column-gap-default\">\n\t\t\t\t\t<div class=\"elementor-column elementor-col-100 elementor-inner-column elementor-element elementor-element-1a56328d\" data-id=\"1a56328d\" data-element_type=\"column\">\n\t\t\t<div class=\"elementor-widget-wrap elementor-element-populated\">\n\t\t\t\t\t\t<div class=\"elementor-element elementor-element-1b558108 elementor-widget elementor-widget-heading\" data-id=\"1b558108\" data-element_type=\"widget\" data-widget_type=\"heading.default\">\n\t\t\t\t<div class=\"elementor-widget-container\">\n\t\t\t\t\t<h2 class=\"elementor-heading-title elementor-size-default\">Maidir le DICE<\/h2>\t\t\t\t<\/div>\n\t\t\t\t<\/div>\n\t\t\t\t\t<\/div>\n\t\t<\/div>\n\t\t\t\t\t<\/div>\n\t\t<\/section>\n\t\t\t\t\t<\/div>\n\t\t<\/div>\n\t\t\t\t<div class=\"elementor-column elementor-col-50 elementor-top-column elementor-element elementor-element-c27194d\" data-id=\"c27194d\" data-element_type=\"column\" data-settings=\"{&quot;background_background&quot;:&quot;classic&quot;}\">\n\t\t\t<div class=\"elementor-widget-wrap elementor-element-populated\">\n\t\t\t\t\t\t<section class=\"elementor-section elementor-inner-section elementor-element elementor-element-84b782e elementor-section-content-middle elementor-section-boxed elementor-section-height-default elementor-section-height-default\" data-id=\"84b782e\" data-element_type=\"section\">\n\t\t\t\t\t\t<div class=\"elementor-container elementor-column-gap-default\">\n\t\t\t\t\t<div class=\"elementor-column elementor-col-100 elementor-inner-column elementor-element elementor-element-3cefa392\" data-id=\"3cefa392\" data-element_type=\"column\">\n\t\t\t<div class=\"elementor-widget-wrap elementor-element-populated\">\n\t\t\t\t\t\t<div class=\"elementor-element elementor-element-1685b4fe elementor-widget elementor-widget-image\" data-id=\"1685b4fe\" data-element_type=\"widget\" data-widget_type=\"image.default\">\n\t\t\t\t<div class=\"elementor-widget-container\">\n\t\t\t\t\t\t\t\t\t\t\t\t\t\t\t<img fetchpriority=\"high\" decoding=\"async\" width=\"496\" height=\"339\" src=\"https:\/\/thediceproject.ie\/wp-content\/uploads\/2021\/02\/world-globe-book-education-school-concept.png\" class=\"attachment-large size-large wp-image-666\" alt=\"\" srcset=\"https:\/\/thediceproject.ie\/wp-content\/uploads\/2021\/02\/world-globe-book-education-school-concept.png 496w, https:\/\/thediceproject.ie\/wp-content\/uploads\/2021\/02\/world-globe-book-education-school-concept-300x205.png 300w\" sizes=\"(max-width: 496px) 100vw, 496px\" \/>\t\t\t\t\t\t\t\t\t\t\t\t\t\t\t<\/div>\n\t\t\t\t<\/div>\n\t\t\t\t\t<\/div>\n\t\t<\/div>\n\t\t\t\t\t<\/div>\n\t\t<\/section>\n\t\t\t\t\t<\/div>\n\t\t<\/div>\n\t\t\t\t\t<\/div>\n\t\t<\/section>\n\t\t\t\t<section class=\"elementor-section elementor-top-section elementor-element elementor-element-0c0a13d elementor-section-boxed elementor-section-height-default elementor-section-height-default\" data-id=\"0c0a13d\" data-element_type=\"section\" data-settings=\"{&quot;background_background&quot;:&quot;classic&quot;}\">\n\t\t\t\t\t\t<div class=\"elementor-container elementor-column-gap-default\">\n\t\t\t\t\t<div class=\"elementor-column elementor-col-100 elementor-top-column elementor-element elementor-element-397b392\" data-id=\"397b392\" data-element_type=\"column\">\n\t\t\t<div class=\"elementor-widget-wrap elementor-element-populated\">\n\t\t\t\t\t\t<div class=\"elementor-element elementor-element-5d4ed4d elementor-widget elementor-widget-heading\" data-id=\"5d4ed4d\" data-element_type=\"widget\" data-widget_type=\"heading.default\">\n\t\t\t\t<div class=\"elementor-widget-container\">\n\t\t\t\t\t<h2 class=\"elementor-heading-title elementor-size-default\">Maidir le DICE<\/h2>\t\t\t\t<\/div>\n\t\t\t\t<\/div>\n\t\t\t\t<div class=\"elementor-element elementor-element-765e7c2 elementor-widget elementor-widget-text-editor\" data-id=\"765e7c2\" data-element_type=\"widget\" data-widget_type=\"text-editor.default\">\n\t\t\t\t<div class=\"elementor-widget-container\">\n\t\t\t\t\t\t\t\t\t<p>Is tionscnamh strait\u00e9iseach n\u00e1isi\u00fanta oideachais \u00e9 DICE a buna\u00edodh in 2003 agus t\u00e1 \u00e1 chur i bhfeidhm ag ceithre institi\u00faid ina gcuirtear oili\u00faint tosaigh ar mh\u00fainteoir\u00ed ar leibh\u00e9al na mbunscoileanna: Institi\u00faid Oideachais Ollscoil Chathair Bhaile \u00c1tha Cliath; Institi\u00faid Oideachais Marino; Col\u00e1iste Mhuire gan Sm\u00e1l agus Roinn Froebel in Ollscoil Mh\u00e1 Nuad.<\/p><p>T\u00e1 s\u00e9 ina aidhm leis an tionscadal DICE cumas agus saineolas na mball foirne a fhorbairt agus a leathn\u00fa sna ceithre institi\u00faid comhph\u00e1irt\u00edochta agus an t-oideachas forbartha agus idirchult\u00fartha a leab\u00fa mar ghn\u00e9ithe bunriachtanacha den oili\u00faint tosaigh m\u00fainteoir\u00ed ar leibh\u00e9al na mbunscoileanna in \u00c9irinn. Faoin tionscadal, cuirtear leis an acmhainneacht at\u00e1 ag l\u00e9acht\u00f3ir\u00ed agus m\u00fainteoir\u00ed faoi oili\u00faint ionas go mbeidh tuiscint ag m\u00fainteoir\u00ed nua-ch\u00e1ilithe ar an oideachas forbartha agus idirchult\u00fartha, go mbeidh meon d\u00edograiseach acu ina leith, agus go mbeidh na scileanna agus luachanna teagaisc acu chun na topaic\u00ed sin a mh\u00faineadh ar bhealach \u00e9ifeachtach. Leis sin, cuirtear an t-eolas, na scileanna, na luachanna, na smaointe agus na hinni\u00falachta\u00ed ar f\u00e1il do mh\u00fainteoir\u00ed faoi oili\u00faint a bheidh ag teast\u00e1il uathu chun oideachas forbartha agus idirchult\u00fartha a chomhth\u00e1th\u00fa ar fud churaclam na bunscoile.<\/p><p>Creidimid gur fearr is f\u00e9idir saor\u00e1nacht dhomhanda a fhorbairt tr\u00ed mheonta \u00e9ags\u00fala a mhealladh; fianaise a bhaili\u00fa ar bhonn taighde, smaointe a chomhroinnt agus dul i mbun pl\u00e9 agus d\u00edosp\u00f3ireachta; pobal cleachtais mealltach spreag\u00fail a choth\u00fa at\u00e1 bunaithe ar mhuin\u00edn agus ar chomhar idir comhghleacaithe; agus muid faoi threoir ag luachanna bun\u00fasacha an chomhionannais, an cheartais sh\u00f3isialta agus na forbartha inbhuanaithe.<\/p>\t\t\t\t\t\t\t\t<\/div>\n\t\t\t\t<\/div>\n\t\t\t\t\t<\/div>\n\t\t<\/div>\n\t\t\t\t\t<\/div>\n\t\t<\/section>\n\t\t\t\t<section class=\"elementor-section elementor-top-section elementor-element elementor-element-266e63d elementor-section-boxed elementor-section-height-default elementor-section-height-default\" data-id=\"266e63d\" data-element_type=\"section\" data-settings=\"{&quot;background_background&quot;:&quot;classic&quot;,&quot;shape_divider_top&quot;:&quot;triangle&quot;,&quot;shape_divider_bottom&quot;:&quot;triangle&quot;,&quot;shape_divider_bottom_negative&quot;:&quot;yes&quot;}\">\n\t\t\t\t\t\t\t<div class=\"elementor-background-overlay\"><\/div>\n\t\t\t\t\t\t<div class=\"elementor-shape elementor-shape-top\" aria-hidden=\"true\" data-negative=\"false\">\n\t\t\t<svg xmlns=\"http:\/\/www.w3.org\/2000\/svg\" viewbox=\"0 0 1000 100\" preserveaspectratio=\"none\">\n\t<path class=\"elementor-shape-fill\" d=\"M500,98.9L0,6.1V0h1000v6.1L500,98.9z\"\/>\n<\/svg>\t\t<\/div>\n\t\t\t\t<div class=\"elementor-shape elementor-shape-bottom\" aria-hidden=\"true\" data-negative=\"true\">\n\t\t\t<svg xmlns=\"http:\/\/www.w3.org\/2000\/svg\" viewbox=\"0 0 1000 100\" preserveaspectratio=\"none\">\n\t<path class=\"elementor-shape-fill\" d=\"M500.2,94.7L0,0v100h1000V0L500.2,94.7z\"\/>\n<\/svg>\t\t<\/div>\n\t\t\t\t\t<div class=\"elementor-container elementor-column-gap-default\">\n\t\t\t\t\t<div class=\"elementor-column elementor-col-50 elementor-top-column elementor-element elementor-element-633f31f\" data-id=\"633f31f\" data-element_type=\"column\">\n\t\t\t<div class=\"elementor-widget-wrap elementor-element-populated\">\n\t\t\t\t\t\t<div class=\"elementor-element elementor-element-bd94a7f elementor-widget elementor-widget-image\" data-id=\"bd94a7f\" data-element_type=\"widget\" data-widget_type=\"image.default\">\n\t\t\t\t<div class=\"elementor-widget-container\">\n\t\t\t\t\t\t\t\t\t\t\t\t\t\t\t<img decoding=\"async\" width=\"504\" height=\"329\" src=\"https:\/\/thediceproject.ie\/wp-content\/uploads\/2021\/02\/back-school-concept-two-people-sign-wood-with-graduation-celebrating-cap-open-textbook.png\" class=\"attachment-large size-large wp-image-771\" alt=\"\" srcset=\"https:\/\/thediceproject.ie\/wp-content\/uploads\/2021\/02\/back-school-concept-two-people-sign-wood-with-graduation-celebrating-cap-open-textbook.png 504w, https:\/\/thediceproject.ie\/wp-content\/uploads\/2021\/02\/back-school-concept-two-people-sign-wood-with-graduation-celebrating-cap-open-textbook-300x196.png 300w\" sizes=\"(max-width: 504px) 100vw, 504px\" \/>\t\t\t\t\t\t\t\t\t\t\t\t\t\t\t<\/div>\n\t\t\t\t<\/div>\n\t\t\t\t\t<\/div>\n\t\t<\/div>\n\t\t\t\t<div class=\"elementor-column elementor-col-50 elementor-top-column elementor-element elementor-element-6417d37\" data-id=\"6417d37\" data-element_type=\"column\">\n\t\t\t<div class=\"elementor-widget-wrap elementor-element-populated\">\n\t\t\t\t\t\t<div class=\"elementor-element elementor-element-f99e484 elementor-widget elementor-widget-heading\" data-id=\"f99e484\" data-element_type=\"widget\" data-widget_type=\"heading.default\">\n\t\t\t\t<div class=\"elementor-widget-container\">\n\t\t\t\t\t<h2 class=\"elementor-heading-title elementor-size-default\">Foireann Acad\u00fail<\/h2>\t\t\t\t<\/div>\n\t\t\t\t<\/div>\n\t\t\t\t<div class=\"elementor-element elementor-element-0fb9152 elementor-widget elementor-widget-text-editor\" data-id=\"0fb9152\" data-element_type=\"widget\" data-widget_type=\"text-editor.default\">\n\t\t\t\t<div class=\"elementor-widget-container\">\n\t\t\t\t\t\t\t\t\t<p>Ceathrar L\u00e9acht\u00f3ir\u00ed (beirt l\u00e1naimseartha: DCU agus MIC, beirt ph\u00e1irtaimseartha: MIE agus Ollscoil Mh\u00e1 Nuad) at\u00e1 ag obair ar an tionscadal DICE i r\u00e9imse an oideachais forbartha agus idirchult\u00fartha agus b\u00edonn siadsan ag obair le pobal n\u00edos leithne i ngach institi\u00faid a thaca\u00edonn leis an obair a dh\u00e9anann DICE. Chomh maith le c\u00farsa\u00ed a phlean\u00e1il agus a mh\u00faineadh, cuireann DICE forbairt ghairmi\u00fail lean\u00fanach ar f\u00e1il d\u2019oideoir\u00ed m\u00fainteoir\u00ed, forbra\u00edonn s\u00e9 acmhainn\u00ed d\u00f3ibh agus sol\u00e1thra\u00edonn s\u00e9 gn\u00edomha\u00edochta\u00ed l\u00edonraithe eile.<\/p>\t\t\t\t\t\t\t\t<\/div>\n\t\t\t\t<\/div>\n\t\t\t\t<div class=\"elementor-element elementor-element-614e892 elementor-widget-divider--view-line elementor-widget elementor-widget-divider\" data-id=\"614e892\" data-element_type=\"widget\" data-widget_type=\"divider.default\">\n\t\t\t\t<div class=\"elementor-widget-container\">\n\t\t\t\t\t\t\t<div class=\"elementor-divider\">\n\t\t\t<span class=\"elementor-divider-separator\">\n\t\t\t\t\t\t<\/span>\n\t\t<\/div>\n\t\t\t\t\t\t<\/div>\n\t\t\t\t<\/div>\n\t\t\t\t\t<\/div>\n\t\t<\/div>\n\t\t\t\t\t<\/div>\n\t\t<\/section>\n\t\t\t\t<\/div>","protected":false},"excerpt":{"rendered":"<p>About DICE About DICE The DICE Project is a national strategic educational initiative since 2003, implemented by four providers of initial teacher education at primary level, namely: Dublin City University Institute of Education; Marino Institute of Education; Mary Immaculate College and the Froebel Department in Maynooth University. The DICE project aims to develop and extend [&hellip;]<\/p>","protected":false},"author":2,"featured_media":0,"parent":0,"menu_order":0,"comment_status":"closed","ping_status":"closed","template":"","meta":{"inline_featured_image":false,"footnotes":""},"class_list":["post-64","page","type-page","status-publish","hentry"],"_links":{"self":[{"href":"https:\/\/thediceproject.ie\/ga\/wp-json\/wp\/v2\/pages\/64","targetHints":{"allow":["GET"]}}],"collection":[{"href":"https:\/\/thediceproject.ie\/ga\/wp-json\/wp\/v2\/pages"}],"about":[{"href":"https:\/\/thediceproject.ie\/ga\/wp-json\/wp\/v2\/types\/page"}],"author":[{"embeddable":true,"href":"https:\/\/thediceproject.ie\/ga\/wp-json\/wp\/v2\/users\/2"}],"replies":[{"embeddable":true,"href":"https:\/\/thediceproject.ie\/ga\/wp-json\/wp\/v2\/comments?post=64"}],"version-history":[{"count":23,"href":"https:\/\/thediceproject.ie\/ga\/wp-json\/wp\/v2\/pages\/64\/revisions"}],"predecessor-version":[{"id":803,"href":"https:\/\/thediceproject.ie\/ga\/wp-json\/wp\/v2\/pages\/64\/revisions\/803"}],"wp:attachment":[{"href":"https:\/\/thediceproject.ie\/ga\/wp-json\/wp\/v2\/media?parent=64"}],"curies":[{"name":"wp","href":"https:\/\/api.w.org\/{rel}","templated":true}]}}