{"id":295,"date":"2020-11-13T13:16:41","date_gmt":"2020-11-13T13:16:41","guid":{"rendered":"https:\/\/thediceproject.ie\/?page_id=295"},"modified":"2021-05-12T02:00:20","modified_gmt":"2021-05-12T01:00:20","slug":"our-funders","status":"publish","type":"page","link":"https:\/\/thediceproject.ie\/ga\/our-funders\/","title":{"rendered":"\u00c1r Lucht Maoinithe"},"content":{"rendered":"<div data-elementor-type=\"wp-page\" data-elementor-id=\"295\" class=\"elementor elementor-295\" data-elementor-post-type=\"page\">\n\t\t\t\t\t\t<section class=\"elementor-section elementor-top-section elementor-element elementor-element-7930a2b elementor-section-full_width elementor-section-content-middle elementor-section-height-default elementor-section-height-default\" data-id=\"7930a2b\" data-element_type=\"section\" data-settings=\"{&quot;shape_divider_top&quot;:&quot;triangle&quot;,&quot;shape_divider_bottom&quot;:&quot;triangle&quot;,&quot;shape_divider_bottom_negative&quot;:&quot;yes&quot;}\">\n\t\t\t\t\t<div class=\"elementor-shape elementor-shape-top\" aria-hidden=\"true\" data-negative=\"false\">\n\t\t\t<svg xmlns=\"http:\/\/www.w3.org\/2000\/svg\" viewbox=\"0 0 1000 100\" preserveaspectratio=\"none\">\n\t<path class=\"elementor-shape-fill\" d=\"M500,98.9L0,6.1V0h1000v6.1L500,98.9z\"\/>\n<\/svg>\t\t<\/div>\n\t\t\t\t<div class=\"elementor-shape elementor-shape-bottom\" aria-hidden=\"true\" data-negative=\"true\">\n\t\t\t<svg xmlns=\"http:\/\/www.w3.org\/2000\/svg\" viewbox=\"0 0 1000 100\" preserveaspectratio=\"none\">\n\t<path class=\"elementor-shape-fill\" d=\"M500.2,94.7L0,0v100h1000V0L500.2,94.7z\"\/>\n<\/svg>\t\t<\/div>\n\t\t\t\t\t<div class=\"elementor-container elementor-column-gap-default\">\n\t\t\t\t\t<div class=\"elementor-column elementor-col-50 elementor-top-column elementor-element elementor-element-3c11d4a\" data-id=\"3c11d4a\" data-element_type=\"column\" data-settings=\"{&quot;background_background&quot;:&quot;classic&quot;}\">\n\t\t\t<div class=\"elementor-widget-wrap elementor-element-populated\">\n\t\t\t\t\t\t<section class=\"elementor-section elementor-inner-section elementor-element elementor-element-a1b2848 elementor-section-height-min-height elementor-section-boxed elementor-section-height-default\" data-id=\"a1b2848\" data-element_type=\"section\">\n\t\t\t\t\t\t<div class=\"elementor-container elementor-column-gap-default\">\n\t\t\t\t\t<div class=\"elementor-column elementor-col-100 elementor-inner-column elementor-element elementor-element-d020f99\" data-id=\"d020f99\" data-element_type=\"column\">\n\t\t\t<div class=\"elementor-widget-wrap elementor-element-populated\">\n\t\t\t\t\t\t<div class=\"elementor-element elementor-element-87aa19d elementor-widget elementor-widget-heading\" data-id=\"87aa19d\" data-element_type=\"widget\" data-widget_type=\"heading.default\">\n\t\t\t\t<div class=\"elementor-widget-container\">\n\t\t\t\t\t<h2 class=\"elementor-heading-title elementor-size-default\">\u00c1r Lucht Maoinithe<\/h2>\t\t\t\t<\/div>\n\t\t\t\t<\/div>\n\t\t\t\t\t<\/div>\n\t\t<\/div>\n\t\t\t\t\t<\/div>\n\t\t<\/section>\n\t\t\t\t\t<\/div>\n\t\t<\/div>\n\t\t\t\t<div class=\"elementor-column elementor-col-50 elementor-top-column elementor-element elementor-element-c1bac63\" data-id=\"c1bac63\" data-element_type=\"column\" data-settings=\"{&quot;background_background&quot;:&quot;classic&quot;}\">\n\t\t\t<div class=\"elementor-widget-wrap elementor-element-populated\">\n\t\t\t\t\t\t<section class=\"elementor-section elementor-inner-section elementor-element elementor-element-b785baa elementor-section-content-middle elementor-section-boxed elementor-section-height-default elementor-section-height-default\" data-id=\"b785baa\" data-element_type=\"section\">\n\t\t\t\t\t\t<div class=\"elementor-container elementor-column-gap-default\">\n\t\t\t\t\t<div class=\"elementor-column elementor-col-100 elementor-inner-column elementor-element elementor-element-c2ab0e0\" data-id=\"c2ab0e0\" data-element_type=\"column\">\n\t\t\t<div class=\"elementor-widget-wrap elementor-element-populated\">\n\t\t\t\t\t\t<div class=\"elementor-element elementor-element-bf5f361 elementor-widget elementor-widget-image\" data-id=\"bf5f361\" data-element_type=\"widget\" data-widget_type=\"image.default\">\n\t\t\t\t<div class=\"elementor-widget-container\">\n\t\t\t\t\t\t\t\t\t\t\t\t\t\t\t<img fetchpriority=\"high\" decoding=\"async\" width=\"528\" height=\"255\" src=\"https:\/\/thediceproject.ie\/wp-content\/uploads\/2021\/05\/IA_DFA_Logo.jpg\" class=\"attachment-large size-large wp-image-973\" alt=\"\" srcset=\"https:\/\/thediceproject.ie\/wp-content\/uploads\/2021\/05\/IA_DFA_Logo.jpg 528w, https:\/\/thediceproject.ie\/wp-content\/uploads\/2021\/05\/IA_DFA_Logo-300x145.jpg 300w\" sizes=\"(max-width: 528px) 100vw, 528px\" \/>\t\t\t\t\t\t\t\t\t\t\t\t\t\t\t<\/div>\n\t\t\t\t<\/div>\n\t\t\t\t\t<\/div>\n\t\t<\/div>\n\t\t\t\t\t<\/div>\n\t\t<\/section>\n\t\t\t\t\t<\/div>\n\t\t<\/div>\n\t\t\t\t\t<\/div>\n\t\t<\/section>\n\t\t\t\t<section class=\"elementor-section elementor-top-section elementor-element elementor-element-1d84303 elementor-section-boxed elementor-section-height-default elementor-section-height-default\" data-id=\"1d84303\" data-element_type=\"section\" data-settings=\"{&quot;background_background&quot;:&quot;classic&quot;}\">\n\t\t\t\t\t\t<div class=\"elementor-container elementor-column-gap-default\">\n\t\t\t\t\t<div class=\"elementor-column elementor-col-100 elementor-top-column elementor-element elementor-element-17a6abe\" data-id=\"17a6abe\" data-element_type=\"column\">\n\t\t\t<div class=\"elementor-widget-wrap elementor-element-populated\">\n\t\t\t\t\t\t<div class=\"elementor-element elementor-element-cd24103 elementor-widget elementor-widget-heading\" data-id=\"cd24103\" data-element_type=\"widget\" data-widget_type=\"heading.default\">\n\t\t\t\t<div class=\"elementor-widget-container\">\n\t\t\t\t\t<h2 class=\"elementor-heading-title elementor-size-default\">Faoi Ch\u00fanamh \u00c9ireann<\/h2>\t\t\t\t<\/div>\n\t\t\t\t<\/div>\n\t\t\t\t<div class=\"elementor-element elementor-element-7071744 elementor-widget elementor-widget-text-editor\" data-id=\"7071744\" data-element_type=\"widget\" data-widget_type=\"text-editor.default\">\n\t\t\t\t<div class=\"elementor-widget-container\">\n\t\t\t\t\t\t\t\t\t<p><span style=\"font-weight: 400;\">Is \u00e9 C\u00fanamh \u00c9ireann cl\u00e1r Rialtas na h\u00c9ireann don fhorbairt thar lear. T\u00e1 an cl\u00e1r \u00e1 bhainisti\u00fa ag Rann\u00f3g de chuid na Roinne Gn\u00f3tha\u00ed Eachtracha.\u00a0<\/span><\/p><p><span style=\"font-weight: 400;\">T\u00e1 s\u00e9 ina aidhm le cl\u00e1r comhair forbartha na h\u00c9ireann bochtaineacht, ocras agus g\u00e1tar a laghd\u00fa, agus b\u00e9im ar leith ar an Afraic fho-Shah\u00e1rach. Tr\u00ed thac\u00fa le forbairt fhadt\u00e9armach agus tr\u00ed ch\u00fanamh daonn\u00fail a shol\u00e1thar i mbreis agus 80 t\u00edr, thar ceann mhuintir na h\u00c9ireann, t\u00e1 C\u00fanamh \u00c9ireann ag cabhr\u00fa le saol n\u00edos fearr a choth\u00fa do chuid de na pobail is boichte ar domhan.<\/span><\/p><p><span style=\"font-weight: 400;\">Sa Strait\u00e9is Oideachais um Shaor\u00e1nacht Dhomhanda 2021\u20132025 at\u00e1 ag C\u00fanamh \u00c9ireann, leagtar amach an chaoi a dtac\u00f3idh an Roinn Gn\u00f3tha\u00ed Eachtracha leis an bpobal ini\u00fachadh a dh\u00e9anamh ar an nasc idir saincheisteanna domhanda agus a saol laeth\u00fail f\u00e9in agus conas is f\u00e9idir linn gn\u00edomh\u00fa, in\u00e1r n-aonair agus le ch\u00e9ile, chun domhan n\u00edos fearr a bhaint amach.  L\u00e9ir\u00edtear sa strait\u00e9is bealach soil\u00e9ir chun cinn chun \u00e1r n-uaillmhian a bhaint amach maidir le domhan n\u00edos cothroime, n\u00edos s\u00edoch\u00e1nta agus n\u00edos inbhuanaithe a bheith againn, ina gcoth\u00f3far agus ina gcosn\u00f3far \u00e1r gcobhsa\u00edocht, \u00e1r rath\u00fanas, \u00e1r leasanna comhroinnte agus an saol at\u00e1 romhainn le ch\u00e9ile.<\/span><\/p><p class=\"translation-block\">T\u00e1 s\u00e9 ina aidhm leis an maoini\u00fa a dh\u00e1ilfear faoi chuimsi\u00fa na strait\u00e9ise sin cur leis an bhfeasacht agus an tuiscint at\u00e1 ag pobal na h\u00c9ireann ar shaincheisteanna a bhaineann leis an bhforbairt dhomhanda. Faoi chl\u00e1ir oideachais fhorbartha, cotha\u00edtear deiseanna chun teacht ar thuiscint ar na d\u00fashl\u00e1in at\u00e1 romhainn \u00f3 thaobh ceartas domhanda agus ar an m\u00e9id is f\u00e9idir linne anseo in \u00c9irinn a dh\u00e9anamh chun domhan n\u00edos cothroime agus n\u00edos inbhuanaithe a bhaint amach.<\/p><p><span style=\"font-weight: 400;\">T\u00e1 an Tionscadal DICE ar cheann de chomhph\u00e1irtithe strait\u00e9iseacha Ch\u00fanamh \u00c9ireann san earn\u00e1il oideachais fhoirmi\u00fail agus d\u00e9antar \u00e9 a mhaoini\u00fa ar bhonn ilbhliant\u00fail.<\/span><\/p><p class=\"translation-block\">Le haghaidh tuilleadh eolais faoi ghn\u00edomha\u00edochta\u00ed teagaisc agus foghlama Ch\u00fanamh \u00c9ireann, t\u00e9igh chuig a shu\u00edomh gr\u00e9as\u00e1in<\/p><p><span style=\"font-weight: 400;\">\u00a0<\/span><\/p>\t\t\t\t\t\t\t\t<\/div>\n\t\t\t\t<\/div>\n\t\t\t\t\t<\/div>\n\t\t<\/div>\n\t\t\t\t\t<\/div>\n\t\t<\/section>\n\t\t\t\t<section class=\"elementor-section elementor-top-section elementor-element elementor-element-474791b elementor-section-boxed elementor-section-height-default elementor-section-height-default\" data-id=\"474791b\" data-element_type=\"section\" data-settings=\"{&quot;background_background&quot;:&quot;classic&quot;,&quot;shape_divider_top&quot;:&quot;triangle&quot;,&quot;shape_divider_bottom&quot;:&quot;triangle&quot;,&quot;shape_divider_bottom_negative&quot;:&quot;yes&quot;}\">\n\t\t\t\t\t\t\t<div class=\"elementor-background-overlay\"><\/div>\n\t\t\t\t\t\t<div class=\"elementor-shape elementor-shape-top\" aria-hidden=\"true\" data-negative=\"false\">\n\t\t\t<svg xmlns=\"http:\/\/www.w3.org\/2000\/svg\" viewbox=\"0 0 1000 100\" preserveaspectratio=\"none\">\n\t<path class=\"elementor-shape-fill\" d=\"M500,98.9L0,6.1V0h1000v6.1L500,98.9z\"\/>\n<\/svg>\t\t<\/div>\n\t\t\t\t<div class=\"elementor-shape elementor-shape-bottom\" aria-hidden=\"true\" data-negative=\"true\">\n\t\t\t<svg xmlns=\"http:\/\/www.w3.org\/2000\/svg\" viewbox=\"0 0 1000 100\" preserveaspectratio=\"none\">\n\t<path class=\"elementor-shape-fill\" d=\"M500.2,94.7L0,0v100h1000V0L500.2,94.7z\"\/>\n<\/svg>\t\t<\/div>\n\t\t\t\t\t<div class=\"elementor-container elementor-column-gap-default\">\n\t\t\t\t\t<div class=\"elementor-column elementor-col-50 elementor-top-column elementor-element elementor-element-749a88f\" data-id=\"749a88f\" data-element_type=\"column\">\n\t\t\t<div class=\"elementor-widget-wrap elementor-element-populated\">\n\t\t\t\t\t\t<div class=\"elementor-element elementor-element-3227f64 elementor-widget elementor-widget-image\" data-id=\"3227f64\" data-element_type=\"widget\" data-widget_type=\"image.default\">\n\t\t\t\t<div class=\"elementor-widget-container\">\n\t\t\t\t\t\t\t\t\t\t\t\t\t\t\t<img decoding=\"async\" width=\"540\" height=\"580\" src=\"https:\/\/thediceproject.ie\/wp-content\/uploads\/2020\/11\/Irish-Aid-DE-Logo-2017-540px.jpg\" class=\"attachment-large size-large wp-image-342\" alt=\"\" srcset=\"https:\/\/thediceproject.ie\/wp-content\/uploads\/2020\/11\/Irish-Aid-DE-Logo-2017-540px.jpg 540w, https:\/\/thediceproject.ie\/wp-content\/uploads\/2020\/11\/Irish-Aid-DE-Logo-2017-540px-279x300.jpg 279w\" sizes=\"(max-width: 540px) 100vw, 540px\" \/>\t\t\t\t\t\t\t\t\t\t\t\t\t\t\t<\/div>\n\t\t\t\t<\/div>\n\t\t\t\t\t<\/div>\n\t\t<\/div>\n\t\t\t\t<div class=\"elementor-column elementor-col-50 elementor-top-column elementor-element elementor-element-d102253\" data-id=\"d102253\" data-element_type=\"column\">\n\t\t\t<div class=\"elementor-widget-wrap elementor-element-populated\">\n\t\t\t\t\t\t<div class=\"elementor-element elementor-element-06e7776 elementor-widget elementor-widget-heading\" data-id=\"06e7776\" data-element_type=\"widget\" data-widget_type=\"heading.default\">\n\t\t\t\t<div class=\"elementor-widget-container\">\n\t\t\t\t\t<h2 class=\"elementor-heading-title elementor-size-default\">DICE Partnership<\/h2>\t\t\t\t<\/div>\n\t\t\t\t<\/div>\n\t\t\t\t<div class=\"elementor-element elementor-element-601b966 elementor-widget elementor-widget-text-editor\" data-id=\"601b966\" data-element_type=\"widget\" data-widget_type=\"text-editor.default\">\n\t\t\t\t<div class=\"elementor-widget-container\">\n\t\t\t\t\t\t\t\t\t<p>Through the DICE Project, a strategic partnership with four higher education institutions providing initial teacher education at primary level, Irish Aid supported the provision of DE to all affiliated primary student teachers.<\/p><p>In the academic year 2019\/2020, a total of 4864 learners were involved in the DICE project, including 3339 student teachers across the four partner institutions.<\/p><p>Since 2014, DICE has successfully embedded DE in the undergraduate primary teaching programmes of the participating institutions, engaging 100% of undergraduate primary student teachers in DE.<\/p>\t\t\t\t\t\t\t\t<\/div>\n\t\t\t\t<\/div>\n\t\t\t\t<div class=\"elementor-element elementor-element-4912589 elementor-widget-divider--view-line elementor-widget elementor-widget-divider\" data-id=\"4912589\" data-element_type=\"widget\" data-widget_type=\"divider.default\">\n\t\t\t\t<div class=\"elementor-widget-container\">\n\t\t\t\t\t\t\t<div class=\"elementor-divider\">\n\t\t\t<span class=\"elementor-divider-separator\">\n\t\t\t\t\t\t<\/span>\n\t\t<\/div>\n\t\t\t\t\t\t<\/div>\n\t\t\t\t<\/div>\n\t\t\t\t\t<\/div>\n\t\t<\/div>\n\t\t\t\t\t<\/div>\n\t\t<\/section>\n\t\t\t\t<section class=\"elementor-section elementor-top-section elementor-element elementor-element-25328f7 elementor-reverse-mobile elementor-section-boxed elementor-section-height-default elementor-section-height-default\" data-id=\"25328f7\" data-element_type=\"section\">\n\t\t\t\t\t\t<div class=\"elementor-container elementor-column-gap-default\">\n\t\t\t\t\t<div class=\"elementor-column elementor-col-50 elementor-top-column elementor-element elementor-element-b1a1004\" data-id=\"b1a1004\" data-element_type=\"column\">\n\t\t\t<div class=\"elementor-widget-wrap elementor-element-populated\">\n\t\t\t\t\t\t<div class=\"elementor-element elementor-element-7d05e1d elementor-widget elementor-widget-text-editor\" data-id=\"7d05e1d\" data-element_type=\"widget\" data-widget_type=\"text-editor.default\">\n\t\t\t\t<div class=\"elementor-widget-container\">\n\t\t\t\t\t\t\t\t\t<p>Irish Aid pursues a long-term approach to its support for development education through strategic partnership programmes with specifically:<\/p><ul><li><strong>The DICE Project<\/strong> (Development Education and Intercultural Education), which supports the integration of development education into primary initial teacher education<\/li><li><a href=\"https:\/\/www.ideaonline.ie\/\" target=\"_blank\" rel=\"noopener\"><strong>Irish Development Education Association<\/strong><\/a> (IDEA) for capacity building of development education practitioners<\/li><li><strong><a href=\"https:\/\/www.worldwiseschools.ie\/\" target=\"_blank\" rel=\"noopener\">Irish Aid WorldWise Global Schools Programme<\/a><\/strong>\u00a0(WWGS Programme) which supports post-primary schools students and teachers to engage in development education<\/li><li><a href=\"https:\/\/stand.ie\/about\/\" target=\"_blank\" rel=\"noopener\"><strong>SUAS<\/strong><\/a> which supports third level students in the non-formal sphere of higher education institutions to engage in development education through the STAND programme.\u00a0<\/li><li><a href=\"https:\/\/developmenteducation.ie\/\" target=\"_blank\" rel=\"noopener\"><strong>Developmenteducation.ie<\/strong><\/a> for the online dissemination of development education resources<\/li><\/ul>\t\t\t\t\t\t\t\t<\/div>\n\t\t\t\t<\/div>\n\t\t\t\t\t<\/div>\n\t\t<\/div>\n\t\t\t\t<div class=\"elementor-column elementor-col-50 elementor-top-column elementor-element elementor-element-59a85bd\" data-id=\"59a85bd\" data-element_type=\"column\" data-settings=\"{&quot;background_background&quot;:&quot;classic&quot;}\">\n\t\t\t<div class=\"elementor-widget-wrap elementor-element-populated\">\n\t\t\t\t\t\t<div class=\"elementor-element elementor-element-d7578d8 elementor-widget elementor-widget-heading\" data-id=\"d7578d8\" data-element_type=\"widget\" data-widget_type=\"heading.default\">\n\t\t\t\t<div class=\"elementor-widget-container\">\n\t\t\t\t\t<h2 class=\"elementor-heading-title elementor-size-default\">Strategic Partnerships<\/h2>\t\t\t\t<\/div>\n\t\t\t\t<\/div>\n\t\t\t\t\t<\/div>\n\t\t<\/div>\n\t\t\t\t\t<\/div>\n\t\t<\/section>\n\t\t\t\t<\/div>","protected":false},"excerpt":{"rendered":"<p>Our Funders About Irish Aid Irish Aid is the Irish Government\u2019s programme for overseas development. The programme is managed by a Division of the Department of Foreign Affairs.\u00a0 Ireland\u2019s development cooperation programme aims to reduce poverty, hunger and humanitarian need, with a particular focus on sub-Saharan Africa. By supporting long term development and providing humanitarian [&hellip;]<\/p>","protected":false},"author":1,"featured_media":0,"parent":0,"menu_order":0,"comment_status":"closed","ping_status":"closed","template":"","meta":{"inline_featured_image":false,"footnotes":""},"class_list":["post-295","page","type-page","status-publish","hentry"],"_links":{"self":[{"href":"https:\/\/thediceproject.ie\/ga\/wp-json\/wp\/v2\/pages\/295","targetHints":{"allow":["GET"]}}],"collection":[{"href":"https:\/\/thediceproject.ie\/ga\/wp-json\/wp\/v2\/pages"}],"about":[{"href":"https:\/\/thediceproject.ie\/ga\/wp-json\/wp\/v2\/types\/page"}],"author":[{"embeddable":true,"href":"https:\/\/thediceproject.ie\/ga\/wp-json\/wp\/v2\/users\/1"}],"replies":[{"embeddable":true,"href":"https:\/\/thediceproject.ie\/ga\/wp-json\/wp\/v2\/comments?post=295"}],"version-history":[{"count":104,"href":"https:\/\/thediceproject.ie\/ga\/wp-json\/wp\/v2\/pages\/295\/revisions"}],"predecessor-version":[{"id":976,"href":"https:\/\/thediceproject.ie\/ga\/wp-json\/wp\/v2\/pages\/295\/revisions\/976"}],"wp:attachment":[{"href":"https:\/\/thediceproject.ie\/ga\/wp-json\/wp\/v2\/media?parent=295"}],"curies":[{"name":"wp","href":"https:\/\/api.w.org\/{rel}","templated":true}]}}